{"id":233,"date":"2024-03-22T11:13:35","date_gmt":"2024-03-22T11:13:35","guid":{"rendered":"https:\/\/wp.ivh-hecht.de\/?page_id=233"},"modified":"2024-06-10T12:32:30","modified_gmt":"2024-06-10T12:32:30","slug":"mietbuergschaft","status":"publish","type":"page","link":"https:\/\/wp.ivh-hecht.de\/?page_id=233","title":{"rendered":"Mietb\u00fcrgschaft"},"content":{"rendered":"\n<div class=\"forminator-guttenberg\"><div class=\"forminator-ui forminator-custom-form forminator-custom-form-295 forminator-design--material  forminator_ajax\" data-forminator-render=\"0\" data-form=\"forminator-module-295\" data-uid=\"69e495e76934b\"><br\/><\/div><form\n\t\t\t\tid=\"forminator-module-295\"\n\t\t\t\tclass=\"forminator-ui forminator-custom-form forminator-custom-form-295 forminator-design--material  forminator_ajax\"\n\t\t\t\tmethod=\"post\"\n\t\t\t\tdata-forminator-render=\"0\"\n\t\t\t\tdata-form-id=\"295\"\n\t\t\t\t\n\t\t\t\tdata-design=\"material\"\n\t\t\t\t\n\t\t\t\t\n\t\t\t\t\n\t\t\t\tdata-grid=\"open\"\n\t\t\t\tenctype=\"multipart\/form-data\"\n\t\t\t\t\n\t\t\t\tstyle=\"display: none;\"\n\t\t\t\t\n\t\t\t\tdata-uid=\"69e495e76934b\"\n\t\t\t><div role=\"alert\" aria-live=\"polite\" class=\"forminator-response-message forminator-error\" aria-hidden=\"true\"><\/div><div class=\"forminator-row\"><div id=\"name-1\" class=\"forminator-field-name forminator-col forminator-col-6 \"><div class=\"forminator-field\"><label for=\"forminator-field-name-1_69e495e76934b\" id=\"forminator-field-name-1_69e495e76934b-label\" class=\"forminator-label\">Mietobjekt: <span class=\"forminator-required\">*<\/span><\/label><input type=\"text\" name=\"name-1\" value=\"\" placeholder=\"Mietobjekt\" id=\"forminator-field-name-1_69e495e76934b\" class=\"forminator-input forminator-name--field\" aria-required=\"true\" \/><\/div><\/div><div id=\"name-2\" class=\"forminator-field-name forminator-col forminator-col-6 \"><div class=\"forminator-field\"><label for=\"forminator-field-name-2_69e495e76934b\" id=\"forminator-field-name-2_69e495e76934b-label\" class=\"forminator-label\">Wohnung Nr.: <span class=\"forminator-required\">*<\/span><\/label><input type=\"text\" name=\"name-2\" value=\"\" placeholder=\"Wohnung Nr.:\" id=\"forminator-field-name-2_69e495e76934b\" class=\"forminator-input forminator-name--field\" aria-required=\"true\" \/><\/div><\/div><\/div><div class=\"forminator-row\"><div id=\"name-3\" class=\"forminator-field-name forminator-col forminator-col-12 \"><div class=\"forminator-field\"><label for=\"forminator-field-name-3_69e495e76934b\" id=\"forminator-field-name-3_69e495e76934b-label\" class=\"forminator-label\">Mieter: <span class=\"forminator-required\">*<\/span><\/label><input type=\"text\" name=\"name-3\" value=\"\" placeholder=\"Mieter\" id=\"forminator-field-name-3_69e495e76934b\" class=\"forminator-input forminator-name--field\" aria-required=\"true\" \/><\/div><\/div><\/div><div class=\"forminator-row\"><div id=\"name-4\" class=\"forminator-field-name forminator-col forminator-col-6 \"><div class=\"forminator-field\"><label for=\"forminator-field-name-4_69e495e76934b\" id=\"forminator-field-name-4_69e495e76934b-label\" class=\"forminator-label\">Ich: <span class=\"forminator-required\">*<\/span><\/label><input type=\"text\" name=\"name-4\" value=\"\" placeholder=\"Name\" id=\"forminator-field-name-4_69e495e76934b\" class=\"forminator-input forminator-name--field\" aria-required=\"true\" \/><\/div><\/div><div id=\"name-5\" class=\"forminator-field-name forminator-col forminator-col-6 \"><div class=\"forminator-field\"><label for=\"forminator-field-name-5_69e495e76934b\" id=\"forminator-field-name-5_69e495e76934b-label\" class=\"forminator-label\">Geboren am: <span class=\"forminator-required\">*<\/span><\/label><input type=\"text\" name=\"name-5\" value=\"\" placeholder=\"Geburtsdatum\" id=\"forminator-field-name-5_69e495e76934b\" class=\"forminator-input forminator-name--field\" aria-required=\"true\" \/><\/div><\/div><\/div><div class=\"forminator-row\"><div id=\"address-1\" class=\"forminator-field-address forminator-col forminator-col-12 \"><div class=\"forminator-row\"><div id=\"address-1-street_address\" class=\"forminator-col\"><div class=\"forminator-field\"><label for=\"forminator-field-address-1-street_address_69e495e76934b\" id=\"forminator-field-address-1-street_address_69e495e76934b-label\" class=\"forminator-label\">Stra\u00dfe und Hausnummer <span class=\"forminator-required\">*<\/span><\/label><input type=\"text\" name=\"address-1-street_address\" placeholder=\"z. B. Hauptstra\u00dfe 123\" id=\"forminator-field-address-1-street_address_69e495e76934b\" class=\"forminator-input\" data-required=\"1\" aria-required=\"true\" value=\"\" \/><\/div><\/div><\/div><div class=\"forminator-row\" data-multiple=\"false\"><div id=\"address-1-city\" class=\"forminator-col forminator-col-12\"><div class=\"forminator-field\"><label for=\"forminator-field-address-1-city_69e495e76934b\" id=\"forminator-field-address-1-city_69e495e76934b-label\" class=\"forminator-label\">Stadt<\/label><input type=\"text\" name=\"address-1-city\" placeholder=\"z. B. Berlin\" id=\"forminator-field-address-1-city_69e495e76934b\" class=\"forminator-input\" data-required=\"\" aria-required=\"false\" value=\"\" \/><\/div><\/div><\/div><div class=\"forminator-row\" data-multiple=\"false\"><div id=\"address-1-zip\" class=\"forminator-col forminator-col-12\"><div class=\"forminator-field\"><label for=\"forminator-field-address-1-zip_69e495e76934b\" id=\"forminator-field-address-1-zip_69e495e76934b-label\" class=\"forminator-label\">Postleitzahl<\/label><input type=\"text\" name=\"address-1-zip\" placeholder=\"Postleitzahl\" id=\"forminator-field-address-1-zip_69e495e76934b\" class=\"forminator-input\" value=\"\" \/><\/div><\/div><\/div><\/div><\/div><div class=\"forminator-row\"><div id=\"email-1\" class=\"forminator-field-email forminator-col forminator-col-12 \"><div class=\"forminator-field\"><label for=\"forminator-field-email-1_69e495e76934b\" id=\"forminator-field-email-1_69e495e76934b-label\" class=\"forminator-label\">E-Mail-Adresse <span class=\"forminator-required\">*<\/span><\/label><input type=\"email\" name=\"email-1\" value=\"\" placeholder=\"E-Mail-Adresse\" id=\"forminator-field-email-1_69e495e76934b\" class=\"forminator-input forminator-email--field\" data-required=\"1\" aria-required=\"true\" \/><\/div><\/div><\/div><div class=\"forminator-row\"><div id=\"section-1\" class=\"forminator-field-section forminator-col forminator-col-12 \"><div class=\"forminator-field\"><h3 class=\"forminator-subtitle\">\u00fcbernehme hiermit gegen\u00fcber dem Vermieter die selbstschuldnerische B\u00fcrgschaft f\u00fcr die ordnungsgem\u00e4\u00dfe Zahlung des Mietzinses, der Nebenkosten und der Kosten f\u00fcr die Renovierung , die die Kaution \u00fcbersteigen, unter Verzicht auf die Einreden der Anfechtbarkeit, der Aufrechenbarkeit und der Vorausklage gem\u00e4\u00df \u00a7\u00a7770, 771 BGB. Ich werde aus dieser B\u00fcrgschaft auf erstes schriftliches Anfordern Zahlung leisten, sofern der Mieter seinen vertraglichen Verpflichtungen nicht nachgekommen ist. Nach Erledigung meiner B\u00fcrgschaftsverpflichtung ist mir diese Urkunde zur\u00fcckzugeben. Die B\u00fcrgschaft erlischt mit der R\u00fcckgabe dieser Urkunde an mich.<\/h3><\/div><\/div><\/div><div class=\"forminator-row\"><div id=\"section-2\" class=\"forminator-field-section forminator-col forminator-col-12 \"><div class=\"forminator-field\"><h3 class=\"forminator-subtitle\">Wir bitten Sie, uns die letzten drei Verdienstbescheinigungen vorzulegen, aus denen ersichtlich ist, dass Sie sich in einem ungek\u00fcndigten Arbeitsverh\u00e4ltnis befinden und keine Lohn- und Gehaltspf\u00e4ndungen oder Abtretungen haben.<\/h3><\/div><\/div><\/div><div class=\"forminator-row\"><div id=\"upload-1\" class=\"forminator-field-upload forminator-col forminator-col-4 \"><div class=\"forminator-field\"><label for=\"forminator-field-upload-1_69e495e76934b\" id=\"forminator-field-upload-1_69e495e76934b-label\" class=\"forminator-label\">Verdienstbescheinigung 1 (PDF): <span class=\"forminator-required\">*<\/span><\/label><div class=\"forminator-file-upload \" data-element=\"upload-1_69e495e76934b\"><input type=\"file\" name=\"upload-1\" id=\"forminator-field-upload-1_69e495e76934b\" class=\"forminator-input-file-required do-validate\" accept=\".avif,.css,.htm,.html,.dfxp,.js,.svg,.svgz,.ttf,.xml,.json,.pdf\"><button id=\"forminator-field-upload-1_69e495e76934b_button\" class=\"forminator-button forminator-button-upload\" data-id=\"forminator-field-upload-1_69e495e76934b\"><span>Datei ausw\u00e4hlen<\/span><span aria-hidden=\"true\"><\/span><\/button><span data-empty-text=\"Keine Datei ausgew\u00e4hlt\">Keine Datei ausgew\u00e4hlt<\/span><button class=\"forminator-button-delete\" style=\"display: none;\"><i class=\"forminator-icon-close\" aria-hidden=\"true\"><\/i><span class=\"forminator-screen-reader-only\">Hochgeladene Datei l\u00f6schen<\/span><\/button><\/div><\/div><\/div><div id=\"upload-3\" class=\"forminator-field-upload forminator-col forminator-col-4 \"><div class=\"forminator-field\"><label for=\"forminator-field-upload-3_69e495e76934b\" id=\"forminator-field-upload-3_69e495e76934b-label\" class=\"forminator-label\">Verdienstbescheinigung 2 (PDF): <span class=\"forminator-required\">*<\/span><\/label><div class=\"forminator-file-upload \" data-element=\"upload-3_69e495e76934b\"><input type=\"file\" name=\"upload-3\" id=\"forminator-field-upload-3_69e495e76934b\" class=\"forminator-input-file-required do-validate\" accept=\".avif,.css,.htm,.html,.dfxp,.js,.svg,.svgz,.ttf,.xml,.json,.pdf\"><button id=\"forminator-field-upload-3_69e495e76934b_button\" class=\"forminator-button forminator-button-upload\" data-id=\"forminator-field-upload-3_69e495e76934b\"><span>Datei ausw\u00e4hlen<\/span><span aria-hidden=\"true\"><\/span><\/button><span data-empty-text=\"Keine Datei ausgew\u00e4hlt\">Keine Datei ausgew\u00e4hlt<\/span><button class=\"forminator-button-delete\" style=\"display: none;\"><i class=\"forminator-icon-close\" aria-hidden=\"true\"><\/i><span class=\"forminator-screen-reader-only\">Hochgeladene Datei l\u00f6schen<\/span><\/button><\/div><\/div><\/div><div id=\"upload-4\" class=\"forminator-field-upload forminator-col forminator-col-4 \"><div class=\"forminator-field\"><label for=\"forminator-field-upload-4_69e495e76934b\" id=\"forminator-field-upload-4_69e495e76934b-label\" class=\"forminator-label\">Verdienstbescheinigung 3 (PDF): <span class=\"forminator-required\">*<\/span><\/label><div class=\"forminator-file-upload \" data-element=\"upload-4_69e495e76934b\"><input type=\"file\" name=\"upload-4\" id=\"forminator-field-upload-4_69e495e76934b\" class=\"forminator-input-file-required do-validate\" accept=\".avif,.css,.htm,.html,.dfxp,.js,.svg,.svgz,.ttf,.xml,.json,.pdf\"><button id=\"forminator-field-upload-4_69e495e76934b_button\" class=\"forminator-button forminator-button-upload\" data-id=\"forminator-field-upload-4_69e495e76934b\"><span>Datei ausw\u00e4hlen<\/span><span aria-hidden=\"true\"><\/span><\/button><span data-empty-text=\"Keine Datei ausgew\u00e4hlt\">Keine Datei ausgew\u00e4hlt<\/span><button class=\"forminator-button-delete\" style=\"display: none;\"><i class=\"forminator-icon-close\" aria-hidden=\"true\"><\/i><span class=\"forminator-screen-reader-only\">Hochgeladene Datei l\u00f6schen<\/span><\/button><\/div><\/div><\/div><\/div><div class=\"forminator-row\"><div id=\"consent-1\" class=\"forminator-field-consent forminator-col forminator-col-12 \"><div class=\"forminator-field\"><div class=\"forminator-checkbox__wrapper\"><label for=\"forminator-field-consent-1_69e495e76934b\" id=\"forminator-field-consent-1_69e495e76934b__label\" class=\"forminator-checkbox forminator-consent\" style=\"margin: 0;\"><input type=\"checkbox\" name=\"consent-1\" id=\"forminator-field-consent-1_69e495e76934b\" value=\"ausgew\u00e4hlt\" aria-labelledby=\"forminator-field-consent-1_69e495e76934b-label\" aria-describedby=\"forminator-field-consent-1_69e495e76934b__description\" data-required=\"true\" aria-required=\"true\" \/><span class=\"forminator-checkbox-box\" aria-hidden=\"true\"><\/span><\/label><div id=\"forminator-field-consent-1_69e495e76934b__description\" class=\"forminator-checkbox__label forminator-consent__label\"><p>Mit der Einholung einer Wirtschaftsauskunft bin ich einverstanden&nbsp;<\/p><\/div><\/div><\/div><\/div><\/div><div class=\"forminator-row\"><div id=\"section-3\" class=\"forminator-field-section forminator-col forminator-col-12 \"><div class=\"forminator-field\"><h3 class=\"forminator-subtitle\">Um eine Wirtschaftsauskunft einholen zu k\u00f6nnen ben\u00f6tigen wir eine Kopie Ihres Ausweises als Bilddatei .<\/h3><\/div><\/div><\/div><div class=\"forminator-row\"><div id=\"upload-5\" class=\"forminator-field-upload forminator-col forminator-col-4 \"><div class=\"forminator-field\"><label for=\"forminator-field-upload-5_69e495e76934b\" id=\"forminator-field-upload-5_69e495e76934b-label\" class=\"forminator-label\">Vorderseite Personalausweis (jpg, png, bmp): <span class=\"forminator-required\">*<\/span><\/label><div class=\"forminator-file-upload \" data-element=\"upload-5_69e495e76934b\"><input type=\"file\" name=\"upload-5\" id=\"forminator-field-upload-5_69e495e76934b\" class=\"forminator-input-file-required do-validate\" accept=\".avif,.css,.htm,.html,.dfxp,.js,.svg,.svgz,.ttf,.xml,.json,.jpg,.jpeg,.jpe,.bmp,.png\"><button id=\"forminator-field-upload-5_69e495e76934b_button\" class=\"forminator-button forminator-button-upload\" data-id=\"forminator-field-upload-5_69e495e76934b\"><span>Datei ausw\u00e4hlen<\/span><span aria-hidden=\"true\"><\/span><\/button><span data-empty-text=\"Keine Datei ausgew\u00e4hlt\">Keine Datei ausgew\u00e4hlt<\/span><button class=\"forminator-button-delete\" style=\"display: none;\"><i class=\"forminator-icon-close\" aria-hidden=\"true\"><\/i><span class=\"forminator-screen-reader-only\">Hochgeladene Datei l\u00f6schen<\/span><\/button><\/div><\/div><\/div><div id=\"upload-6\" class=\"forminator-field-upload forminator-col forminator-col-4 \"><div class=\"forminator-field\"><label for=\"forminator-field-upload-6_69e495e76934b\" id=\"forminator-field-upload-6_69e495e76934b-label\" class=\"forminator-label\">R\u00fcckseite Personalausweis (jpg, png, bmp): <span class=\"forminator-required\">*<\/span><\/label><div class=\"forminator-file-upload \" data-element=\"upload-6_69e495e76934b\"><input type=\"file\" name=\"upload-6\" id=\"forminator-field-upload-6_69e495e76934b\" class=\"forminator-input-file-required do-validate\" accept=\".avif,.css,.htm,.html,.dfxp,.js,.svg,.svgz,.ttf,.xml,.json,.jpg,.jpeg,.jpe,.bmp,.png\"><button id=\"forminator-field-upload-6_69e495e76934b_button\" class=\"forminator-button forminator-button-upload\" data-id=\"forminator-field-upload-6_69e495e76934b\"><span>Datei ausw\u00e4hlen<\/span><span aria-hidden=\"true\"><\/span><\/button><span data-empty-text=\"Keine Datei ausgew\u00e4hlt\">Keine Datei ausgew\u00e4hlt<\/span><button class=\"forminator-button-delete\" style=\"display: none;\"><i class=\"forminator-icon-close\" aria-hidden=\"true\"><\/i><span class=\"forminator-screen-reader-only\">Hochgeladene Datei l\u00f6schen<\/span><\/button><\/div><\/div><\/div><div id=\"upload-7\" class=\"forminator-field-upload forminator-col forminator-col-4 \"><div class=\"forminator-field\"><label for=\"forminator-field-upload-7_69e495e76934b\" id=\"forminator-field-upload-7_69e495e76934b-label\" class=\"forminator-label\">Bitte laden Sie hier Ihre aktuelle Schufa-Auskunft hoch (PDF). <span class=\"forminator-required\">*<\/span><\/label><div class=\"forminator-file-upload \" data-element=\"upload-7_69e495e76934b\"><input type=\"file\" name=\"upload-7\" id=\"forminator-field-upload-7_69e495e76934b\" class=\"forminator-input-file-required do-validate\" accept=\".avif,.css,.htm,.html,.dfxp,.js,.svg,.svgz,.ttf,.xml,.json,.pdf\"><button id=\"forminator-field-upload-7_69e495e76934b_button\" class=\"forminator-button forminator-button-upload\" data-id=\"forminator-field-upload-7_69e495e76934b\"><span>Datei ausw\u00e4hlen<\/span><span aria-hidden=\"true\"><\/span><\/button><span data-empty-text=\"Keine Datei ausgew\u00e4hlt\">Keine Datei ausgew\u00e4hlt<\/span><button class=\"forminator-button-delete\" style=\"display: none;\"><i class=\"forminator-icon-close\" aria-hidden=\"true\"><\/i><span class=\"forminator-screen-reader-only\">Hochgeladene Datei l\u00f6schen<\/span><\/button><\/div><\/div><\/div><\/div><div class=\"forminator-row\"><div id=\"upload-8\" class=\"forminator-field-upload forminator-col forminator-col-12 \"><div class=\"forminator-field\"><label for=\"forminator-field-upload-8_69e495e76934b\" id=\"forminator-field-upload-8_69e495e76934b-label\" class=\"forminator-label\">Hier k\u00f6nnen Sie uns weitere Unterlage \u00fcbermitteln:<\/label><div class=\"forminator-file-upload \" data-element=\"upload-8_69e495e76934b\"><input type=\"file\" name=\"upload-8\" id=\"forminator-field-upload-8_69e495e76934b\" class=\"forminator-input-file\" accept=\".jpg,.jpeg,.jpe,.gif,.png,.bmp,.tiff,.tif,.webp,.avif,.ico,.heic,.asf,.asx,.wmv,.wmx,.wm,.avi,.divx,.flv,.mov,.qt,.mpeg,.mpg,.mpe,.mp4,.m4v,.ogv,.webm,.mkv,.3gp,.3gpp,.3g2,.3gp2,.txt,.asc,.c,.cc,.h,.srt,.csv,.tsv,.ics,.rtx,.css,.htm,.html,.vtt,.dfxp,.mp3,.m4a,.m4b,.aac,.ra,.ram,.wav,.ogg,.oga,.flac,.mid,.midi,.wma,.wax,.mka,.rtf,.js,.pdf,.class,.tar,.zip,.gz,.gzip,.rar,.7z,.psd,.xcf,.doc,.pot,.pps,.ppt,.wri,.xla,.xls,.xlt,.xlw,.mdb,.mpp,.docx,.docm,.dotx,.dotm,.xlsx,.xlsm,.xlsb,.xltx,.xltm,.xlam,.pptx,.pptm,.ppsx,.ppsm,.potx,.potm,.ppam,.sldx,.sldm,.onetoc,.onetoc2,.onetmp,.onepkg,.oxps,.xps,.odt,.odp,.ods,.odg,.odc,.odb,.odf,.wp,.wpd,.key,.numbers,.pages,.svg,.svgz,.ttf,.xml,.json\"><button id=\"forminator-field-upload-8_69e495e76934b_button\" class=\"forminator-button forminator-button-upload\" data-id=\"forminator-field-upload-8_69e495e76934b\"><span>Datei ausw\u00e4hlen<\/span><span aria-hidden=\"true\"><\/span><\/button><span data-empty-text=\"Keine Datei ausgew\u00e4hlt\">Keine Datei ausgew\u00e4hlt<\/span><button class=\"forminator-button-delete\" style=\"display: none;\"><i class=\"forminator-icon-close\" aria-hidden=\"true\"><\/i><span class=\"forminator-screen-reader-only\">Hochgeladene Datei l\u00f6schen<\/span><\/button><\/div><\/div><\/div><\/div><div class=\"forminator-row\"><div id=\"consent-2\" class=\"forminator-field-consent forminator-col forminator-col-12 \"><div class=\"forminator-field\"><div class=\"forminator-checkbox__wrapper\"><label for=\"forminator-field-consent-2_69e495e76934b\" id=\"forminator-field-consent-2_69e495e76934b__label\" class=\"forminator-checkbox forminator-consent\" style=\"margin: 0;\"><input type=\"checkbox\" name=\"consent-2\" id=\"forminator-field-consent-2_69e495e76934b\" value=\"ausgew\u00e4hlt\" aria-labelledby=\"forminator-field-consent-2_69e495e76934b-label\" aria-describedby=\"forminator-field-consent-2_69e495e76934b__description\" data-required=\"true\" aria-required=\"true\" \/><span class=\"forminator-checkbox-box\" aria-hidden=\"true\"><\/span><\/label><div id=\"forminator-field-consent-2_69e495e76934b__description\" class=\"forminator-checkbox__label forminator-consent__label\"><p>Die Datenschutzerkl\u00e4rung habe ich gelesen.<\/p><\/div><\/div><\/div><\/div><\/div><div class=\"forminator-row\"><div id=\"name-6\" class=\"forminator-field-name forminator-col forminator-col-12 \"><div class=\"forminator-field\"><label for=\"forminator-field-name-6_69e495e76934b\" id=\"forminator-field-name-6_69e495e76934b-label\" class=\"forminator-label\">Name des B\u00fcrgen \/ Datum: <span class=\"forminator-required\">*<\/span><\/label><input type=\"text\" name=\"name-6\" value=\"\" placeholder=\"z. B. Max Mustermann\" id=\"forminator-field-name-6_69e495e76934b\" class=\"forminator-input forminator-name--field\" aria-required=\"true\" \/><\/div><\/div><\/div><div class=\"forminator-row\"><div id=\"section-4\" class=\"forminator-field-section forminator-col forminator-col-12 \"><div class=\"forminator-field\"><h3 class=\"forminator-subtitle\">Hinweise gem\u00e4\u00df Datenschutz-Grundverordnung (DSGVO): Verantwortlich f\u00fcr Erfassung, Speicherung und Verarbeitung personenbezogener Daten gem\u00e4\u00df Artikel 6 der DSGVO ist die IVH Immobilien-Mietverwaltung Hecht GmbH Gesch\u00e4ftsf\u00fchrer: Michael Hecht, Elisabethenstra\u00dfe 11, 64283 Darmstadt. Sie haben ein Recht auf Auskunft \u00fcber die bei uns gespeicherten personenbezogenen Daten gem\u00e4\u00df Artikel 15 DSGVO. Sie haben das Recht auf Berichtigung falscher und Vervollst\u00e4ndigung unvollst\u00e4ndiger Daten gem\u00e4\u00df Artikel 16 DSGVO. Sie haben des Weiteren ein Recht auf L\u00f6schung der \u00fcber Sie gespeicherten, personenbezogenen Daten, sofern diese nicht f\u00fcr Belange der Mietverwaltung zwingend notwendig, oder auf Grund eines Gesetzes zwingend erforderlich sind (Artikel 17 DSGVO). Ihr Recht auf Einschr\u00e4nkung der Verarbeitung Ihrer Daten gem\u00e4\u00df Artikel 18 DSGVO bleibt unber\u00fchrt. Um von einem Ihrer Rechte gem\u00e4\u00df Datenschutz Grundverordnung Gebrauch zu machen, richten Sie Ihre Erkl\u00e4rung bitte an die Immobilien Mietverwaltung Hecht. Sie k\u00f6nnen jederzeit aus Gr\u00fcnden, die sich aus ihrer besonderen Situation ergeben, Widerspruch gegen die Verarbeitung ihrer personenbezogenen Daten bei uns einlegen. Den Widerspruch k\u00f6nnen Sie beispielsweise auf folgender Webseite einlegen: https:\/\/ivh-hecht.de\/kontakt. Die Verarbeitung Ihrer Daten erfolgt im Auftrag des Verantwortlichen durch ITK IT-Service Kitzing (im Folgenden Aufragsverarbeiter genannt). Der Auftragsverarbeiter garantiert durch technisch wirksame Kapselungs- und Verschl\u00fcsselungstechnologien und geeignete, organisatorische Ma\u00dfnahmen, dass die Verarbeitung im Einklang mit den Anforderungen der DSGVO erfolgt und den Schutz Ihrer Rechte gew\u00e4hrleistet. Sollten Sie der Meinung sein, Ihre Rechte seien verletzt, haben Sie das Recht auf Beschwerde bei einer zust\u00e4ndigen Aufsichtsbeh\u00f6rde. Sie finden eine Liste auf: https:\/\/www.bfdi.bund.de\/DE\/Service\/Kontakt\/kontakt_node.html Die Vollst\u00e4ndige Datenschutzerkl\u00e4rung finden Sie auf https:\/\/ivh-hecht.de\/unsere-themen\/datenschutz<\/h3><\/div><\/div><\/div><input type=\"hidden\" name=\"referer_url\" value=\"\" \/><div class=\"forminator-row forminator-row-last\"><div class=\"forminator-col\"><div class=\"forminator-field\"><button class=\"forminator-button forminator-button-submit\"><span>Nachricht senden<\/span><span aria-hidden=\"true\"><\/span><\/button><\/div><\/div><\/div><input type=\"hidden\" id=\"forminator_nonce\" name=\"forminator_nonce\" value=\"5681e85666\" \/><input type=\"hidden\" name=\"_wp_http_referer\" value=\"\/index.php?rest_route=%2Fwp%2Fv2%2Fpages%2F233\" \/><input type=\"hidden\" name=\"form_id\" value=\"295\"><input type=\"hidden\" name=\"page_id\" value=\"233\"><input type=\"hidden\" name=\"form_type\" value=\"default\"><input type=\"hidden\" name=\"current_url\" value=\"https:\/\/wp.ivh-hecht.de\/?page_id=233\"><input type=\"hidden\" name=\"render_id\" value=\"0\"><input type=\"hidden\" name=\"action\" value=\"forminator_submit_form_custom-forms\"><\/form><\/div>\n","protected":false},"excerpt":{"rendered":"","protected":false},"author":2,"featured_media":240,"parent":0,"menu_order":0,"comment_status":"closed","ping_status":"closed","template":"","meta":{"_ti_tpc_template_sync":false,"_ti_tpc_template_id":"","footnotes":""},"class_list":["post-233","page","type-page","status-publish","has-post-thumbnail","hentry","latest_post"],"_links":{"self":[{"href":"https:\/\/wp.ivh-hecht.de\/index.php?rest_route=\/wp\/v2\/pages\/233"}],"collection":[{"href":"https:\/\/wp.ivh-hecht.de\/index.php?rest_route=\/wp\/v2\/pages"}],"about":[{"href":"https:\/\/wp.ivh-hecht.de\/index.php?rest_route=\/wp\/v2\/types\/page"}],"author":[{"embeddable":true,"href":"https:\/\/wp.ivh-hecht.de\/index.php?rest_route=\/wp\/v2\/users\/2"}],"replies":[{"embeddable":true,"href":"https:\/\/wp.ivh-hecht.de\/index.php?rest_route=%2Fwp%2Fv2%2Fcomments&post=233"}],"version-history":[{"count":6,"href":"https:\/\/wp.ivh-hecht.de\/index.php?rest_route=\/wp\/v2\/pages\/233\/revisions"}],"predecessor-version":[{"id":297,"href":"https:\/\/wp.ivh-hecht.de\/index.php?rest_route=\/wp\/v2\/pages\/233\/revisions\/297"}],"wp:featuredmedia":[{"embeddable":true,"href":"https:\/\/wp.ivh-hecht.de\/index.php?rest_route=\/wp\/v2\/media\/240"}],"wp:attachment":[{"href":"https:\/\/wp.ivh-hecht.de\/index.php?rest_route=%2Fwp%2Fv2%2Fmedia&parent=233"}],"curies":[{"name":"wp","href":"https:\/\/api.w.org\/{rel}","templated":true}]}}