{"id":250,"date":"2024-03-22T11:27:13","date_gmt":"2024-03-22T11:27:13","guid":{"rendered":"https:\/\/wp.ivh-hecht.de\/?page_id=250"},"modified":"2024-03-22T11:27:13","modified_gmt":"2024-03-22T11:27:13","slug":"rueckendeckung-garantiert","status":"publish","type":"page","link":"https:\/\/wp.ivh-hecht.de\/?page_id=250","title":{"rendered":"R\u00fcckendeckung garantiert"},"content":{"rendered":"\n<p>Gute Kontakte eines starken Netzwerks<\/p>\n\n\n\n<p>Weil Profis am liebsten mit Profis arbeiten, haben wir uns ein breites Netzwerk verl\u00e4sslicher Partner aufgebaut, die uns mit Ihrer Kompetenz den R\u00fccken st\u00e4rken. Ob Handwerker, Reinigungskraft, Makler oder Sachverst\u00e4ndiger \u2013 die von uns besch\u00e4ftigten Dienstleistungsunternehmen \u00fcberzeugen mit Kompetenz und Qualit\u00e4t und werden unseren hohen Anspr\u00fcchen jederzeit gerecht.<\/p>\n\n\n\n<p>Mit unseren Partnern bilden wir ein eingespieltes Team, mit dem wir f\u00fcr Ihr Objekt beste Ergebnisse erzielen k\u00f6nnen. Dabei profitieren Sie von attraktiven Rahmenvertr\u00e4gen, die wir mit unseren Energielieferanten geschlossen haben \u2013 nicht nur in Form eines Preisvorteils, sondern auch hinsichtlich der Nutzung von erneuerbaren Energien.<\/p>\n\n\n\n<figure class=\"wp-block-image\"><img decoding=\"async\" src=\"https:\/\/ivh-hecht.de\/fileadmin\/_processed_\/7\/c\/csm_1635_068017b961.jpg\" alt=\"\" title=\"\"\/><\/figure>\n\n\n\n<p><strong>Starke Partner in folgenden Bereichen<\/strong><\/p>\n\n\n\n<ul class=\"wp-block-list\">\n<li>Haustechnik (Heizung &amp; Sanit\u00e4r)<\/li>\n\n\n\n<li>Elektroinstallationen<\/li>\n\n\n\n<li>Fliesenleger &amp; Maler<\/li>\n\n\n\n<li>Hausservice &amp; Geb\u00e4udereinigung<\/li>\n\n\n\n<li>Dachdecker<\/li>\n\n\n\n<li>Kanalreinigung<\/li>\n\n\n\n<li>Gr\u00fcn- &amp; Baumpflege<\/li>\n\n\n\n<li>EDV-Betreuung<\/li>\n\n\n\n<li>Immobilienmakler<\/li>\n\n\n\n<li>Sachverst\u00e4ndigung f\u00fcr Immobilienbewertung<\/li>\n<\/ul>\n","protected":false},"excerpt":{"rendered":"<p>Gute Kontakte eines starken Netzwerks Weil Profis am liebsten mit Profis arbeiten, haben wir uns ein breites Netzwerk verl\u00e4sslicher Partner aufgebaut, die uns mit Ihrer Kompetenz den R\u00fccken st\u00e4rken. Ob Handwerker, Reinigungskraft, Makler oder Sachverst\u00e4ndiger \u2013 die von uns besch\u00e4ftigten Dienstleistungsunternehmen \u00fcberzeugen mit Kompetenz und &hellip; <\/p>\n","protected":false},"author":2,"featured_media":0,"parent":0,"menu_order":0,"comment_status":"closed","ping_status":"closed","template":"","meta":{"_ti_tpc_template_sync":false,"_ti_tpc_template_id":"","footnotes":""},"class_list":["post-250","page","type-page","status-publish","hentry","latest_post"],"_links":{"self":[{"href":"https:\/\/wp.ivh-hecht.de\/index.php?rest_route=\/wp\/v2\/pages\/250"}],"collection":[{"href":"https:\/\/wp.ivh-hecht.de\/index.php?rest_route=\/wp\/v2\/pages"}],"about":[{"href":"https:\/\/wp.ivh-hecht.de\/index.php?rest_route=\/wp\/v2\/types\/page"}],"author":[{"embeddable":true,"href":"https:\/\/wp.ivh-hecht.de\/index.php?rest_route=\/wp\/v2\/users\/2"}],"replies":[{"embeddable":true,"href":"https:\/\/wp.ivh-hecht.de\/index.php?rest_route=%2Fwp%2Fv2%2Fcomments&post=250"}],"version-history":[{"count":1,"href":"https:\/\/wp.ivh-hecht.de\/index.php?rest_route=\/wp\/v2\/pages\/250\/revisions"}],"predecessor-version":[{"id":251,"href":"https:\/\/wp.ivh-hecht.de\/index.php?rest_route=\/wp\/v2\/pages\/250\/revisions\/251"}],"wp:attachment":[{"href":"https:\/\/wp.ivh-hecht.de\/index.php?rest_route=%2Fwp%2Fv2%2Fmedia&parent=250"}],"curies":[{"name":"wp","href":"https:\/\/api.w.org\/{rel}","templated":true}]}}