{"id":8,"date":"2023-05-11T07:44:17","date_gmt":"2023-05-11T07:44:17","guid":{"rendered":"https:\/\/wp.ivh-hecht.de\/?page_id=8"},"modified":"2023-06-19T10:28:46","modified_gmt":"2023-06-19T10:28:46","slug":"startseite","status":"publish","type":"page","link":"https:\/\/wp.ivh-hecht.de\/","title":{"rendered":"Startseite"},"content":{"rendered":"\n<div class=\"wp-block-cover alignfull is-light\" style=\"min-height:700px;aspect-ratio:unset;\"><span aria-hidden=\"true\" class=\"wp-block-cover__background has-background-dim-0 has-background-dim\"><\/span><img loading=\"lazy\" decoding=\"async\" width=\"800\" height=\"533\" class=\"wp-block-cover__image-background wp-image-40\" alt=\"\" src=\"https:\/\/wp.ivh-hecht.de\/wp-content\/uploads\/2023\/05\/1318.jpg\" data-object-fit=\"cover\" srcset=\"https:\/\/wp.ivh-hecht.de\/wp-content\/uploads\/2023\/05\/1318.jpg 800w, https:\/\/wp.ivh-hecht.de\/wp-content\/uploads\/2023\/05\/1318-300x200.jpg 300w, https:\/\/wp.ivh-hecht.de\/wp-content\/uploads\/2023\/05\/1318-768x512.jpg 768w\" sizes=\"(max-width: 800px) 100vw, 800px\" \/><div class=\"wp-block-cover__inner-container is-layout-flow wp-block-cover-is-layout-flow\">\n<div style=\"height:80px\" aria-hidden=\"true\" class=\"wp-block-spacer\"><\/div>\n\n\n\n<h1 class=\"wp-block-heading has-text-align-center has-text-color\" style=\"color:#121212\"><code>IVH Immobilien-Mietverwaltung Hecht GmbH<\/code><\/h1>\n\n\n\n<p class=\"has-text-align-center has-text-color\" style=\"color:#121212;font-size:17px\"><\/p>\n\n\n\n<p><\/p>\n\n\n\n<div class=\"wp-block-buttons is-content-justification-center is-layout-flex wp-container-core-buttons-is-layout-1 wp-block-buttons-is-layout-flex\"><\/div>\n\n\n\n<div style=\"height:80px\" aria-hidden=\"true\" class=\"wp-block-spacer\"><\/div>\n\n\n\n<div style=\"height:80px\" aria-hidden=\"true\" class=\"wp-block-spacer\"><\/div>\n\n\n\n<p><\/p>\n<\/div><\/div>\n\n\n\n<div class=\"wp-block-columns has-nv-c-1-background-color has-background is-layout-flex wp-container-core-columns-is-layout-1 wp-block-columns-is-layout-flex\">\n<div class=\"wp-block-column is-layout-flow wp-block-column-is-layout-flow\">\n<h6 class=\"wp-block-heading\">Pers\u00f6nlich, kompetent und nah f\u00fcr Ihre Wertanlage<\/h6>\n\n\n\n<hr class=\"wp-block-separator has-alpha-channel-opacity\"\/>\n\n\n\n<p>Bereits bei der Unternehmensgr\u00fcndung im Jahr 1992 konnte Inhaber Michael Hecht schon auf eine langj\u00e4hrige Erfahrung im Bereich Immobilen Verwaltung zur\u00fcckblicken und den Weg in die erfolgreiche Selbst\u00e4ndigkeit beschreiten.<\/p>\n\n\n\n<p>Heute ist die Immobilien-Mietverwaltung Hecht GmbH ein etabliertes Unternehmen und kann in allen Bereichen als kompetenter Partner \u00fcberzeugen. Nicht nur modernste B\u00fcroraume und technische Ausstattung auf h\u00f6chstem Niveau sorgen f\u00fcr einen guten Auftritt, vor allem die kompetenten Mitarbeiter sind feste S\u00e4ulen des Unternehmens.<\/p>\n\n\n\n<p>St\u00e4ndige Aus- und Weiterbildung unterstreichen den Erfahrungsschatz und liefern die Basis f\u00fcr ein gesundes und kontinuierliches Wachstum.<\/p>\n<\/div>\n\n\n\n<div class=\"wp-block-column is-layout-flow wp-block-column-is-layout-flow\">\n<figure class=\"wp-block-video\"><video controls src=\"https:\/\/www.unserebroschuere.de\/video\/F7714876\"><\/video><\/figure>\n<\/div>\n<\/div>\n\n\n\n<div class=\"wp-block-columns is-layout-flex wp-container-core-columns-is-layout-2 wp-block-columns-is-layout-flex\">\n<div class=\"wp-block-column is-layout-flow wp-block-column-is-layout-flow\">\n<figure class=\"wp-block-image size-full\"><img loading=\"lazy\" decoding=\"async\" width=\"300\" height=\"424\" src=\"https:\/\/wp.ivh-hecht.de\/wp-content\/uploads\/2023\/05\/verband_kl.jpg\" alt=\"\" class=\"wp-image-58\" srcset=\"https:\/\/wp.ivh-hecht.de\/wp-content\/uploads\/2023\/05\/verband_kl.jpg 300w, https:\/\/wp.ivh-hecht.de\/wp-content\/uploads\/2023\/05\/verband_kl-212x300.jpg 212w\" sizes=\"(max-width: 300px) 100vw, 300px\" \/><\/figure>\n<\/div>\n\n\n\n<div class=\"wp-block-column is-layout-flow wp-block-column-is-layout-flow\">\n<p>Als festes Mitglied im Verband der Immobilienverwalter k\u00f6nnen wir einen gepr\u00fcften und qualitativ hochwertigen Service f\u00fcr unsere Kunden garantieren. Wir freuen uns auch f\u00fcr Sie t\u00e4tig zu werden!<\/p>\n<\/div>\n<\/div>\n\n\n\n<div class=\"wp-block-cover alignfull\" style=\"min-height:420px;aspect-ratio:unset;\"><span aria-hidden=\"true\" class=\"wp-block-cover__background has-nv-light-bg-background-color has-background-dim-100 has-background-dim\"><\/span><div class=\"wp-block-cover__inner-container is-layout-flow wp-block-cover-is-layout-flow\">\n<div style=\"height:80px\" aria-hidden=\"true\" class=\"wp-block-spacer\"><\/div>\n\n\n\n<div class=\"wp-block-columns is-layout-flex wp-container-core-columns-is-layout-3 wp-block-columns-is-layout-flex\">\n<div class=\"wp-block-column is-layout-flow wp-block-column-is-layout-flow\">\n<figure class=\"wp-block-image size-full is-style-rounded\"><img loading=\"lazy\" decoding=\"async\" width=\"493\" height=\"487\" src=\"https:\/\/wp.ivh-hecht.de\/wp-content\/uploads\/2023\/05\/m_hecht.jpg\" alt=\"\" class=\"wp-image-66\" srcset=\"https:\/\/wp.ivh-hecht.de\/wp-content\/uploads\/2023\/05\/m_hecht.jpg 493w, https:\/\/wp.ivh-hecht.de\/wp-content\/uploads\/2023\/05\/m_hecht-300x296.jpg 300w\" sizes=\"(max-width: 493px) 100vw, 493px\" \/><\/figure>\n\n\n\n<p class=\"has-neve-text-color-color has-text-color\">Michael Hecht<\/p>\n\n\n\n<div style=\"height:20px\" aria-hidden=\"true\" class=\"wp-block-spacer\"><\/div>\n<\/div>\n\n\n\n<div class=\"wp-block-column is-layout-flow wp-block-column-is-layout-flow\">\n<figure class=\"wp-block-image size-full is-style-rounded\"><img loading=\"lazy\" decoding=\"async\" width=\"492\" height=\"490\" src=\"https:\/\/wp.ivh-hecht.de\/wp-content\/uploads\/2023\/05\/s_lazaro.jpg\" alt=\"\" class=\"wp-image-67\" srcset=\"https:\/\/wp.ivh-hecht.de\/wp-content\/uploads\/2023\/05\/s_lazaro.jpg 492w, https:\/\/wp.ivh-hecht.de\/wp-content\/uploads\/2023\/05\/s_lazaro-300x300.jpg 300w, https:\/\/wp.ivh-hecht.de\/wp-content\/uploads\/2023\/05\/s_lazaro-150x150.jpg 150w\" sizes=\"(max-width: 492px) 100vw, 492px\" \/><\/figure>\n\n\n\n<p class=\"has-neve-text-color-color has-text-color\">Silke Lazaro<\/p>\n\n\n\n<div style=\"height:20px\" aria-hidden=\"true\" class=\"wp-block-spacer\"><\/div>\n<\/div>\n\n\n\n<div class=\"wp-block-column is-layout-flow wp-block-column-is-layout-flow\">\n<figure class=\"wp-block-image size-full is-style-rounded\"><img loading=\"lazy\" decoding=\"async\" width=\"491\" height=\"494\" src=\"https:\/\/wp.ivh-hecht.de\/wp-content\/uploads\/2023\/05\/n_schild.jpg\" alt=\"\" class=\"wp-image-68\" srcset=\"https:\/\/wp.ivh-hecht.de\/wp-content\/uploads\/2023\/05\/n_schild.jpg 491w, https:\/\/wp.ivh-hecht.de\/wp-content\/uploads\/2023\/05\/n_schild-298x300.jpg 298w, https:\/\/wp.ivh-hecht.de\/wp-content\/uploads\/2023\/05\/n_schild-150x150.jpg 150w\" sizes=\"(max-width: 491px) 100vw, 491px\" \/><\/figure>\n\n\n\n<p class=\"has-neve-text-color-color has-text-color\">Nora Schild<\/p>\n\n\n\n<div style=\"height:20px\" aria-hidden=\"true\" class=\"wp-block-spacer\"><\/div>\n<\/div>\n<\/div>\n\n\n\n<div style=\"height:30px\" aria-hidden=\"true\" class=\"wp-block-spacer\"><\/div>\n\n\n\n<div class=\"wp-block-group alignfull has-contrast-color has-text-color is-vertical is-content-justification-center is-layout-flex wp-container-core-group-is-layout-1 wp-block-group-is-layout-flex\" style=\"min-height:40vh;margin-top:0;margin-bottom:0;padding-top:var(--wp--preset--spacing--60);padding-right:var(--wp--preset--spacing--50);padding-bottom:var(--wp--preset--spacing--60);padding-left:var(--wp--preset--spacing--50)\"><div style=\"margin-bottom:6px;\" class=\"is-default-size aligncenter wp-block-site-logo\"><a href=\"https:\/\/wp.ivh-hecht.de\/\" class=\"custom-logo-link\" rel=\"home\"><img loading=\"lazy\" decoding=\"async\" width=\"98\" height=\"128\" src=\"https:\/\/wp.ivh-hecht.de\/wp-content\/uploads\/2024\/06\/IVH_2024_kl.jpg\" class=\"custom-logo\" alt=\"Pers\u00f6nlich, kompetent und nah f\u00fcr Ihre Wertanlage\" srcset=\"https:\/\/wp.ivh-hecht.de\/wp-content\/uploads\/2024\/06\/IVH_2024_kl.jpg 98w, https:\/\/wp.ivh-hecht.de\/wp-content\/uploads\/2024\/06\/IVH_2024_kl-46x60.jpg 46w\" sizes=\"(max-width: 98px) 100vw, 98px\" \/><\/a><\/div>\n\n\n<p class=\"has-text-align-center has-medium-font-size\">Proudly powered by <a href=\"https:\/\/wordpress.org\">WordPress<\/a><\/p>\n\n\n\n<ul class=\"wp-block-social-links has-normal-icon-size is-style-logos-only is-nowrap is-layout-flex wp-container-core-social-links-is-layout-1 wp-block-social-links-is-layout-flex\"><li class=\"wp-social-link wp-social-link-facebook  wp-block-social-link\"><a href=\"https:\/\/#\" class=\"wp-block-social-link-anchor\"><svg width=\"24\" height=\"24\" viewBox=\"0 0 24 24\" version=\"1.1\" xmlns=\"http:\/\/www.w3.org\/2000\/svg\" aria-hidden=\"true\" focusable=\"false\"><path d=\"M12 2C6.5 2 2 6.5 2 12c0 5 3.7 9.1 8.4 9.9v-7H7.9V12h2.5V9.8c0-2.5 1.5-3.9 3.8-3.9 1.1 0 2.2.2 2.2.2v2.5h-1.3c-1.2 0-1.6.8-1.6 1.6V12h2.8l-.4 2.9h-2.3v7C18.3 21.1 22 17 22 12c0-5.5-4.5-10-10-10z\"><\/path><\/svg><span class=\"wp-block-social-link-label screen-reader-text\">Facebook<\/span><\/a><\/li>\n\n<li class=\"wp-social-link wp-social-link-twitter  wp-block-social-link\"><a href=\"https:\/\/#\" class=\"wp-block-social-link-anchor\"><svg width=\"24\" height=\"24\" viewBox=\"0 0 24 24\" version=\"1.1\" xmlns=\"http:\/\/www.w3.org\/2000\/svg\" aria-hidden=\"true\" focusable=\"false\"><path d=\"M22.23,5.924c-0.736,0.326-1.527,0.547-2.357,0.646c0.847-0.508,1.498-1.312,1.804-2.27 c-0.793,0.47-1.671,0.812-2.606,0.996C18.324,4.498,17.257,4,16.077,4c-2.266,0-4.103,1.837-4.103,4.103 c0,0.322,0.036,0.635,0.106,0.935C8.67,8.867,5.647,7.234,3.623,4.751C3.27,5.357,3.067,6.062,3.067,6.814 c0,1.424,0.724,2.679,1.825,3.415c-0.673-0.021-1.305-0.206-1.859-0.513c0,0.017,0,0.034,0,0.052c0,1.988,1.414,3.647,3.292,4.023 c-0.344,0.094-0.707,0.144-1.081,0.144c-0.264,0-0.521-0.026-0.772-0.074c0.522,1.63,2.038,2.816,3.833,2.85 c-1.404,1.1-3.174,1.756-5.096,1.756c-0.331,0-0.658-0.019-0.979-0.057c1.816,1.164,3.973,1.843,6.29,1.843 c7.547,0,11.675-6.252,11.675-11.675c0-0.178-0.004-0.355-0.012-0.531C20.985,7.47,21.68,6.747,22.23,5.924z\"><\/path><\/svg><span class=\"wp-block-social-link-label screen-reader-text\">Twitter<\/span><\/a><\/li>\n\n<li class=\"wp-social-link wp-social-link-wordpress  wp-block-social-link\"><a href=\"https:\/\/#\" class=\"wp-block-social-link-anchor\"><svg width=\"24\" height=\"24\" viewBox=\"0 0 24 24\" version=\"1.1\" xmlns=\"http:\/\/www.w3.org\/2000\/svg\" aria-hidden=\"true\" focusable=\"false\"><path d=\"M12.158,12.786L9.46,20.625c0.806,0.237,1.657,0.366,2.54,0.366c1.047,0,2.051-0.181,2.986-0.51 c-0.024-0.038-0.046-0.079-0.065-0.124L12.158,12.786z M3.009,12c0,3.559,2.068,6.634,5.067,8.092L3.788,8.341 C3.289,9.459,3.009,10.696,3.009,12z M18.069,11.546c0-1.112-0.399-1.881-0.741-2.48c-0.456-0.741-0.883-1.368-0.883-2.109 c0-0.826,0.627-1.596,1.51-1.596c0.04,0,0.078,0.005,0.116,0.007C16.472,3.904,14.34,3.009,12,3.009 c-3.141,0-5.904,1.612-7.512,4.052c0.211,0.007,0.41,0.011,0.579,0.011c0.94,0,2.396-0.114,2.396-0.114 C7.947,6.93,8.004,7.642,7.52,7.699c0,0-0.487,0.057-1.029,0.085l3.274,9.739l1.968-5.901l-1.401-3.838 C9.848,7.756,9.389,7.699,9.389,7.699C8.904,7.67,8.961,6.93,9.446,6.958c0,0,1.484,0.114,2.368,0.114 c0.94,0,2.397-0.114,2.397-0.114c0.485-0.028,0.542,0.684,0.057,0.741c0,0-0.488,0.057-1.029,0.085l3.249,9.665l0.897-2.996 C17.841,13.284,18.069,12.316,18.069,11.546z M19.889,7.686c0.039,0.286,0.06,0.593,0.06,0.924c0,0.912-0.171,1.938-0.684,3.22 l-2.746,7.94c2.673-1.558,4.47-4.454,4.47-7.771C20.991,10.436,20.591,8.967,19.889,7.686z M12,22C6.486,22,2,17.514,2,12 C2,6.486,6.486,2,12,2c5.514,0,10,4.486,10,10C22,17.514,17.514,22,12,22z\"><\/path><\/svg><span class=\"wp-block-social-link-label screen-reader-text\">WordPress<\/span><\/a><\/li><\/ul>\n<\/div>\n<\/div><\/div>\n","protected":false},"excerpt":{"rendered":"<p>Pers\u00f6nlich, kompetent und nah f\u00fcr Ihre Wertanlage Bereits bei der Unternehmensgr\u00fcndung im Jahr 1992 konnte Inhaber Michael Hecht schon auf eine langj\u00e4hrige Erfahrung im Bereich Immobilen Verwaltung zur\u00fcckblicken und den Weg in die erfolgreiche Selbst\u00e4ndigkeit beschreiten. Heute ist die Immobilien-Mietverwaltung Hecht GmbH ein etabliertes Unternehmen &hellip; <\/p>\n","protected":false},"author":2,"featured_media":40,"parent":0,"menu_order":0,"comment_status":"closed","ping_status":"closed","template":"","meta":{"_ti_tpc_template_sync":false,"_ti_tpc_template_id":"","footnotes":""},"class_list":["post-8","page","type-page","status-publish","has-post-thumbnail","hentry","latest_post"],"_links":{"self":[{"href":"https:\/\/wp.ivh-hecht.de\/index.php?rest_route=\/wp\/v2\/pages\/8"}],"collection":[{"href":"https:\/\/wp.ivh-hecht.de\/index.php?rest_route=\/wp\/v2\/pages"}],"about":[{"href":"https:\/\/wp.ivh-hecht.de\/index.php?rest_route=\/wp\/v2\/types\/page"}],"author":[{"embeddable":true,"href":"https:\/\/wp.ivh-hecht.de\/index.php?rest_route=\/wp\/v2\/users\/2"}],"replies":[{"embeddable":true,"href":"https:\/\/wp.ivh-hecht.de\/index.php?rest_route=%2Fwp%2Fv2%2Fcomments&post=8"}],"version-history":[{"count":14,"href":"https:\/\/wp.ivh-hecht.de\/index.php?rest_route=\/wp\/v2\/pages\/8\/revisions"}],"predecessor-version":[{"id":91,"href":"https:\/\/wp.ivh-hecht.de\/index.php?rest_route=\/wp\/v2\/pages\/8\/revisions\/91"}],"wp:featuredmedia":[{"embeddable":true,"href":"https:\/\/wp.ivh-hecht.de\/index.php?rest_route=\/wp\/v2\/media\/40"}],"wp:attachment":[{"href":"https:\/\/wp.ivh-hecht.de\/index.php?rest_route=%2Fwp%2Fv2%2Fmedia&parent=8"}],"curies":[{"name":"wp","href":"https:\/\/api.w.org\/{rel}","templated":true}]}}